{"id":9197,"date":"2023-04-20T19:10:10","date_gmt":"2023-04-20T19:10:10","guid":{"rendered":"https:\/\/cmc-carrier.com\/?page_id=9197"},"modified":"2023-08-03T15:59:54","modified_gmt":"2023-08-03T15:59:54","slug":"carriere23","status":"publish","type":"page","link":"https:\/\/cmc-carrier.com\/fr\/carriere23\/","title":{"rendered":"Carri\u00e8re Nouvelle"},"content":{"rendered":"<div class=\"vb22\">Une carri\u00e8re chez CMC<\/div>\n<p><img loading=\"lazy\" decoding=\"async\" class=\"alignright size-full wp-image-7002 lazyload\" data-src=\"https:\/\/cmc-carrier.com\/wp-content\/uploads\/2022\/08\/acq_cmc.jpg\" alt=\"\" width=\"327\" height=\"111\" src=\"data:image\/gif;base64,R0lGODlhAQABAAAAACH5BAEKAAEALAAAAAABAAEAAAICTAEAOw==\" style=\"--smush-placeholder-width: 327px; --smush-placeholder-aspect-ratio: 327\/111;\" \/><noscript><img loading=\"lazy\" decoding=\"async\" class=\"alignright size-full wp-image-7002\" src=\"https:\/\/cmc-carrier.com\/wp-content\/uploads\/2022\/08\/acq_cmc.jpg\" alt=\"\" width=\"327\" height=\"111\" \/><\/noscript>Les gens de CMC ne sont pas des gens ordinaires. Nous voyons l\u2019art dans le quotidien. Nous n\u2019avons pas besoin des feux de la rampe pour briller, seulement d\u2019une occasion. Nous mettons tout notre c\u0153ur \u00e0 construire les plus beaux mausol\u00e9es, columbariums, cimeti\u00e8res et complexes fun\u00e9raires. Nous en mettons tout autant \u00e0 r\u00e9ussir nos projets de construction commerciale en b\u00e9ton et nos coffrages.<\/p>\n<p><img loading=\"lazy\" decoding=\"async\" class=\"alignleft size-full wp-image-1064 lazyload\" data-src=\"https:\/\/cmc-carrier.com\/wp-content\/uploads\/2013\/10\/team_hands.png\" alt=\"ruler\" width=\"292\" height=\"191\" src=\"data:image\/gif;base64,R0lGODlhAQABAAAAACH5BAEKAAEALAAAAAABAAEAAAICTAEAOw==\" style=\"--smush-placeholder-width: 292px; --smush-placeholder-aspect-ratio: 292\/191;\" \/><noscript><img loading=\"lazy\" decoding=\"async\" class=\"alignleft size-full wp-image-1064\" src=\"https:\/\/cmc-carrier.com\/wp-content\/uploads\/2013\/10\/team_hands.png\" alt=\"ruler\" width=\"292\" height=\"191\" \/><\/noscript><\/p>\n<p><strong>Vous vous reconnaissez? Vous aimerez la suite\u00a0<\/strong>: CMC est une entreprise familiale. Ici, la solidarit\u00e9 dans le travail n\u2019est pas l\u2019exception, mais la r\u00e8gle. De plus, nous sommes le chef de file en construction fun\u00e9raire. Vous trouverez chez nous des possibilit\u00e9s inimaginables n\u2019importe o\u00f9 ailleurs. Si vous \u00eates passionn\u00e9 et travaillant, si vous avez du talent et aspirez \u00e0 changer les choses, faites partie de la famille. Vous y gagnerez. Nous aussi.<\/p>\n<p><a href=\"http:\/\/ow.ly\/aSlL50NM7gM\" target=\"\u201d_blank\u201d\" rel=\"noopener\"><img loading=\"lazy\" decoding=\"async\" class=\"alignright size-full wp-image-7002 lazyload\" data-src=\"https:\/\/cmc-carrier.com\/wp-content\/uploads\/2023\/04\/Image-FR.jpg\" alt=\"\" width=\"320\" height=\"180\" src=\"data:image\/gif;base64,R0lGODlhAQABAAAAACH5BAEKAAEALAAAAAABAAEAAAICTAEAOw==\" style=\"--smush-placeholder-width: 320px; --smush-placeholder-aspect-ratio: 320\/180;\" \/><noscript><img loading=\"lazy\" decoding=\"async\" class=\"alignright size-full wp-image-7002\" src=\"https:\/\/cmc-carrier.com\/wp-content\/uploads\/2023\/04\/Image-FR.jpg\" alt=\"\" width=\"320\" height=\"180\" \/><\/noscript><\/a><strong>Pourquoi choisir CMC? <\/strong>Choisir CMC, c\u2019est choisir un bel avenir! La Direction est engag\u00e9e envers ses employ\u00e9s et offre des avantages tr\u00e8s comp\u00e9titifs. <br \/>Visionnez une courte vid\u00e9o o\u00f9 nos employ\u00e9s vous pr\u00e9sentent quelques raisons de vous joindre \u00e0 nous!<\/p>\n<p>&nbsp;<\/p>\n<div class=\"vb22\">Consultez nos plus r\u00e9centes offres d\u2019emploi ci-dessous:<\/div>\n<p><iframe loading=\"lazy\" width=\"1000\" height=\"320\" data-src=\"https:\/\/datastudio.google.com\/embed\/reporting\/f40430ec-af58-414f-ba40-b8f004b0aad7\/page\/ViZoC\" frameborder=\"0\" style=\"border:0\"  src=\"data:image\/gif;base64,R0lGODlhAQABAAAAACH5BAEKAAEALAAAAAABAAEAAAICTAEAOw==\" class=\"lazyload\" data-load-mode=\"1\"><\/iframe><\/p>\n<div class=\"vb22\">Programme de r\u00e9f\u00e9rencement de personnel<\/div>\n<p>Le Groupe CMC est conscient que ses plus fiers ambassadeurs sont ses employ\u00e9s. En ce sens, l\u2019entreprise fait appel \u00e0 eux pour l\u2019aider \u00e0 d\u00e9nicher les meilleurs talents qui feront cro\u00eetre la compagnie et qui assureront son succ\u00e8s. <\/p>\n<p><img loading=\"lazy\" decoding=\"async\" class=\"alignright size-full wp-image-7002 lazyload\" data-src=\"https:\/\/cmc-carrier.com\/wp-content\/uploads\/2022\/04\/references-site.png\" alt=\"\" width=\"200\" height=\"68\" data-srcset=\"https:\/\/cmc-carrier.com\/wp-content\/uploads\/2022\/04\/references-site.png 300w, https:\/\/cmc-carrier.com\/wp-content\/uploads\/2022\/04\/references-site-250x85.png 250w\" data-sizes=\"(max-width: 200px) 100vw, 200px\" src=\"data:image\/gif;base64,R0lGODlhAQABAAAAACH5BAEKAAEALAAAAAABAAEAAAICTAEAOw==\" style=\"--smush-placeholder-width: 200px; --smush-placeholder-aspect-ratio: 200\/68;\" \/><noscript><img loading=\"lazy\" decoding=\"async\" class=\"alignright size-full wp-image-7002\" src=\"https:\/\/cmc-carrier.com\/wp-content\/uploads\/2022\/04\/references-site.png\" alt=\"\" width=\"200\" height=\"68\" srcset=\"https:\/\/cmc-carrier.com\/wp-content\/uploads\/2022\/04\/references-site.png 300w, https:\/\/cmc-carrier.com\/wp-content\/uploads\/2022\/04\/references-site-250x85.png 250w\" sizes=\"(max-width: 200px) 100vw, 200px\" \/><\/noscript>Ce programme de r\u00e9f\u00e9rencement de personnel est donc de reconnaitre les efforts investis par ses employ\u00e9s pour soutenir le d\u00e9partement des Ressources humaines dans ses efforts de recrutement. Tout employ\u00e9 qui voudrait soumettre une candidature, SVP vous r\u00e9f\u00e9rer \u00e0 la proc\u00e9dure CMC-203.<\/p>\n","protected":false},"excerpt":{"rendered":"<p>Une carri\u00e8re chez CMC Les gens de CMC ne sont pas des gens ordinaires. Nous voyons l\u2019art dans le quotidien. Nous n\u2019avons pas besoin des feux de la rampe pour briller, seulement d\u2019une occasion. Nous mettons tout notre c\u0153ur \u00e0 construire les plus beaux mausol\u00e9es, columbariums, cimeti\u00e8res et complexes fun\u00e9raires. Nous en mettons tout autant <a class=\"read-more\" href=\"https:\/\/cmc-carrier.com\/fr\/carriere23\/\">Read More<\/a><\/p>\n","protected":false},"author":1,"featured_media":0,"parent":0,"menu_order":0,"comment_status":"closed","ping_status":"closed","template":"page-resources-careers.php","meta":{"footnotes":""},"yoast_head":"<!-- This site is optimized with the Yoast SEO plugin v22.3 - https:\/\/yoast.com\/wordpress\/plugins\/seo\/ -->\n<title>Carri\u00e8re Nouvelle - Carrier Mausoleums Construction<\/title>\n<meta name=\"robots\" content=\"index, follow, max-snippet:-1, max-image-preview:large, max-video-preview:-1\" \/>\n<link rel=\"canonical\" href=\"https:\/\/cmc-carrier.com\/fr\/carriere23\/\" \/>\n<meta property=\"og:locale\" content=\"fr_FR\" \/>\n<meta property=\"og:type\" content=\"article\" \/>\n<meta property=\"og:title\" content=\"Carri\u00e8re Nouvelle - Carrier Mausoleums Construction\" \/>\n<meta property=\"og:description\" content=\"Une carri\u00e8re chez CMC Les gens de CMC ne sont pas des gens ordinaires. Nous voyons l\u2019art dans le quotidien. Nous n\u2019avons pas besoin des feux de la rampe pour briller, seulement d\u2019une occasion. Nous mettons tout notre c\u0153ur \u00e0 construire les plus beaux mausol\u00e9es, columbariums, cimeti\u00e8res et complexes fun\u00e9raires. Nous en mettons tout autant Read More\" \/>\n<meta property=\"og:url\" content=\"https:\/\/cmc-carrier.com\/fr\/carriere23\/\" \/>\n<meta property=\"og:site_name\" content=\"Carrier Mausoleums Construction\" \/>\n<meta property=\"article:modified_time\" content=\"2023-08-03T15:59:54+00:00\" \/>\n<meta property=\"og:image\" content=\"https:\/\/cmc-carrier.com\/wp-content\/uploads\/2022\/08\/acq_cmc.jpg\" \/>\n<meta name=\"twitter:label1\" content=\"Dur\u00e9e de lecture estim\u00e9e\" \/>\n\t<meta name=\"twitter:data1\" content=\"2 minutes\" \/>\n<script type=\"application\/ld+json\" class=\"yoast-schema-graph\">{\"@context\":\"https:\/\/schema.org\",\"@graph\":[{\"@type\":\"WebPage\",\"@id\":\"https:\/\/cmc-carrier.com\/fr\/carriere23\/\",\"url\":\"https:\/\/cmc-carrier.com\/fr\/carriere23\/\",\"name\":\"Carri\u00e8re Nouvelle - Carrier Mausoleums Construction\",\"isPartOf\":{\"@id\":\"https:\/\/cmc-carrier.com\/#website\"},\"primaryImageOfPage\":{\"@id\":\"https:\/\/cmc-carrier.com\/fr\/carriere23\/#primaryimage\"},\"image\":{\"@id\":\"https:\/\/cmc-carrier.com\/fr\/carriere23\/#primaryimage\"},\"thumbnailUrl\":\"https:\/\/cmc-carrier.com\/wp-content\/uploads\/2022\/08\/acq_cmc.jpg\",\"datePublished\":\"2023-04-20T19:10:10+00:00\",\"dateModified\":\"2023-08-03T15:59:54+00:00\",\"breadcrumb\":{\"@id\":\"https:\/\/cmc-carrier.com\/fr\/carriere23\/#breadcrumb\"},\"inLanguage\":\"fr-FR\",\"potentialAction\":[{\"@type\":\"ReadAction\",\"target\":[\"https:\/\/cmc-carrier.com\/fr\/carriere23\/\"]}]},{\"@type\":\"ImageObject\",\"inLanguage\":\"fr-FR\",\"@id\":\"https:\/\/cmc-carrier.com\/fr\/carriere23\/#primaryimage\",\"url\":\"https:\/\/cmc-carrier.com\/wp-content\/uploads\/2022\/08\/acq_cmc.jpg\",\"contentUrl\":\"https:\/\/cmc-carrier.com\/wp-content\/uploads\/2022\/08\/acq_cmc.jpg\",\"width\":981,\"height\":333},{\"@type\":\"BreadcrumbList\",\"@id\":\"https:\/\/cmc-carrier.com\/fr\/carriere23\/#breadcrumb\",\"itemListElement\":[{\"@type\":\"ListItem\",\"position\":1,\"name\":\"Home\",\"item\":\"https:\/\/cmc-carrier.com\/fr\/\"},{\"@type\":\"ListItem\",\"position\":2,\"name\":\"Carri\u00e8re Nouvelle\"}]},{\"@type\":\"WebSite\",\"@id\":\"https:\/\/cmc-carrier.com\/#website\",\"url\":\"https:\/\/cmc-carrier.com\/\",\"name\":\"Carrier Mausoleums Construction\",\"description\":\"\",\"potentialAction\":[{\"@type\":\"SearchAction\",\"target\":{\"@type\":\"EntryPoint\",\"urlTemplate\":\"https:\/\/cmc-carrier.com\/?s={search_term_string}\"},\"query-input\":\"required name=search_term_string\"}],\"inLanguage\":\"fr-FR\"}]}<\/script>\n<!-- \/ Yoast SEO plugin. -->","yoast_head_json":{"title":"Carri\u00e8re Nouvelle - Carrier Mausoleums Construction","robots":{"index":"index","follow":"follow","max-snippet":"max-snippet:-1","max-image-preview":"max-image-preview:large","max-video-preview":"max-video-preview:-1"},"canonical":"https:\/\/cmc-carrier.com\/fr\/carriere23\/","og_locale":"fr_FR","og_type":"article","og_title":"Carri\u00e8re Nouvelle - Carrier Mausoleums Construction","og_description":"Une carri\u00e8re chez CMC Les gens de CMC ne sont pas des gens ordinaires. Nous voyons l\u2019art dans le quotidien. Nous n\u2019avons pas besoin des feux de la rampe pour briller, seulement d\u2019une occasion. Nous mettons tout notre c\u0153ur \u00e0 construire les plus beaux mausol\u00e9es, columbariums, cimeti\u00e8res et complexes fun\u00e9raires. Nous en mettons tout autant Read More","og_url":"https:\/\/cmc-carrier.com\/fr\/carriere23\/","og_site_name":"Carrier Mausoleums Construction","article_modified_time":"2023-08-03T15:59:54+00:00","og_image":[{"url":"https:\/\/cmc-carrier.com\/wp-content\/uploads\/2022\/08\/acq_cmc.jpg"}],"twitter_misc":{"Dur\u00e9e de lecture estim\u00e9e":"2 minutes"},"schema":{"@context":"https:\/\/schema.org","@graph":[{"@type":"WebPage","@id":"https:\/\/cmc-carrier.com\/fr\/carriere23\/","url":"https:\/\/cmc-carrier.com\/fr\/carriere23\/","name":"Carri\u00e8re Nouvelle - Carrier Mausoleums Construction","isPartOf":{"@id":"https:\/\/cmc-carrier.com\/#website"},"primaryImageOfPage":{"@id":"https:\/\/cmc-carrier.com\/fr\/carriere23\/#primaryimage"},"image":{"@id":"https:\/\/cmc-carrier.com\/fr\/carriere23\/#primaryimage"},"thumbnailUrl":"https:\/\/cmc-carrier.com\/wp-content\/uploads\/2022\/08\/acq_cmc.jpg","datePublished":"2023-04-20T19:10:10+00:00","dateModified":"2023-08-03T15:59:54+00:00","breadcrumb":{"@id":"https:\/\/cmc-carrier.com\/fr\/carriere23\/#breadcrumb"},"inLanguage":"fr-FR","potentialAction":[{"@type":"ReadAction","target":["https:\/\/cmc-carrier.com\/fr\/carriere23\/"]}]},{"@type":"ImageObject","inLanguage":"fr-FR","@id":"https:\/\/cmc-carrier.com\/fr\/carriere23\/#primaryimage","url":"https:\/\/cmc-carrier.com\/wp-content\/uploads\/2022\/08\/acq_cmc.jpg","contentUrl":"https:\/\/cmc-carrier.com\/wp-content\/uploads\/2022\/08\/acq_cmc.jpg","width":981,"height":333},{"@type":"BreadcrumbList","@id":"https:\/\/cmc-carrier.com\/fr\/carriere23\/#breadcrumb","itemListElement":[{"@type":"ListItem","position":1,"name":"Home","item":"https:\/\/cmc-carrier.com\/fr\/"},{"@type":"ListItem","position":2,"name":"Carri\u00e8re Nouvelle"}]},{"@type":"WebSite","@id":"https:\/\/cmc-carrier.com\/#website","url":"https:\/\/cmc-carrier.com\/","name":"Carrier Mausoleums Construction","description":"","potentialAction":[{"@type":"SearchAction","target":{"@type":"EntryPoint","urlTemplate":"https:\/\/cmc-carrier.com\/?s={search_term_string}"},"query-input":"required name=search_term_string"}],"inLanguage":"fr-FR"}]}},"_links":{"self":[{"href":"https:\/\/cmc-carrier.com\/fr\/wp-json\/wp\/v2\/pages\/9197"}],"collection":[{"href":"https:\/\/cmc-carrier.com\/fr\/wp-json\/wp\/v2\/pages"}],"about":[{"href":"https:\/\/cmc-carrier.com\/fr\/wp-json\/wp\/v2\/types\/page"}],"author":[{"embeddable":true,"href":"https:\/\/cmc-carrier.com\/fr\/wp-json\/wp\/v2\/users\/1"}],"replies":[{"embeddable":true,"href":"https:\/\/cmc-carrier.com\/fr\/wp-json\/wp\/v2\/comments?post=9197"}],"version-history":[{"count":4,"href":"https:\/\/cmc-carrier.com\/fr\/wp-json\/wp\/v2\/pages\/9197\/revisions"}],"predecessor-version":[{"id":9442,"href":"https:\/\/cmc-carrier.com\/fr\/wp-json\/wp\/v2\/pages\/9197\/revisions\/9442"}],"wp:attachment":[{"href":"https:\/\/cmc-carrier.com\/fr\/wp-json\/wp\/v2\/media?parent=9197"}],"curies":[{"name":"wp","href":"https:\/\/api.w.org\/{rel}","templated":true}]}}