{"id":3440,"date":"2013-07-24T17:26:54","date_gmt":"2013-07-24T17:26:54","guid":{"rendered":"https:\/\/cmc-carrier.com\/?page_id=3440"},"modified":"2016-03-21T15:11:50","modified_gmt":"2016-03-21T15:11:50","slug":"nos-realisations","status":"publish","type":"page","link":"https:\/\/cmc-carrier.com\/fr\/ressources\/nos-realisations\/","title":{"rendered":"NOS R\u00c9ALISATIONS"},"content":{"rendered":"","protected":false},"excerpt":{"rendered":"","protected":false},"author":1,"featured_media":0,"parent":3152,"menu_order":0,"comment_status":"closed","ping_status":"closed","template":"page-resources-our-work.php","meta":{"footnotes":""},"yoast_head":"<!-- This site is optimized with the Yoast SEO plugin v22.3 - https:\/\/yoast.com\/wordpress\/plugins\/seo\/ -->\n<title>Galerie de photos de columbariums, de niches cin\u00e9raires et de mausol\u00e9es | CMC-Carrier<\/title>\n<meta name=\"description\" content=\"Consultez la galerie de photos de CMC pour admirer nos projets r\u00e9alis\u00e9s de mausol\u00e9es, de niches \u00e0 fa\u00e7ade de verre, de columbariums et autres.\" \/>\n<meta name=\"robots\" content=\"index, follow, max-snippet:-1, max-image-preview:large, max-video-preview:-1\" \/>\n<link rel=\"canonical\" href=\"https:\/\/cmc-carrier.com\/fr\/ressources\/nos-realisations\/\" \/>\n<meta property=\"og:locale\" content=\"fr_FR\" \/>\n<meta property=\"og:type\" content=\"article\" \/>\n<meta property=\"og:title\" content=\"Galerie de photos de columbariums, de niches cin\u00e9raires et de mausol\u00e9es | CMC-Carrier\" \/>\n<meta property=\"og:description\" content=\"Consultez la galerie de photos de CMC pour admirer nos projets r\u00e9alis\u00e9s de mausol\u00e9es, de niches \u00e0 fa\u00e7ade de verre, de columbariums et autres.\" \/>\n<meta property=\"og:url\" content=\"https:\/\/cmc-carrier.com\/fr\/ressources\/nos-realisations\/\" \/>\n<meta property=\"og:site_name\" content=\"Carrier Mausoleums Construction\" \/>\n<meta property=\"article:modified_time\" content=\"2016-03-21T15:11:50+00:00\" \/>\n<script type=\"application\/ld+json\" class=\"yoast-schema-graph\">{\"@context\":\"https:\/\/schema.org\",\"@graph\":[{\"@type\":\"WebPage\",\"@id\":\"https:\/\/cmc-carrier.com\/fr\/ressources\/nos-realisations\/\",\"url\":\"https:\/\/cmc-carrier.com\/fr\/ressources\/nos-realisations\/\",\"name\":\"Galerie de photos de columbariums, de niches cin\u00e9raires et de mausol\u00e9es | CMC-Carrier\",\"isPartOf\":{\"@id\":\"https:\/\/cmc-carrier.com\/#website\"},\"datePublished\":\"2013-07-24T17:26:54+00:00\",\"dateModified\":\"2016-03-21T15:11:50+00:00\",\"description\":\"Consultez la galerie de photos de CMC pour admirer nos projets r\u00e9alis\u00e9s de mausol\u00e9es, de niches \u00e0 fa\u00e7ade de verre, de columbariums et autres.\",\"breadcrumb\":{\"@id\":\"https:\/\/cmc-carrier.com\/fr\/ressources\/nos-realisations\/#breadcrumb\"},\"inLanguage\":\"fr-FR\",\"potentialAction\":[{\"@type\":\"ReadAction\",\"target\":[\"https:\/\/cmc-carrier.com\/fr\/ressources\/nos-realisations\/\"]}]},{\"@type\":\"BreadcrumbList\",\"@id\":\"https:\/\/cmc-carrier.com\/fr\/ressources\/nos-realisations\/#breadcrumb\",\"itemListElement\":[{\"@type\":\"ListItem\",\"position\":1,\"name\":\"Home\",\"item\":\"https:\/\/cmc-carrier.com\/fr\/\"},{\"@type\":\"ListItem\",\"position\":2,\"name\":\"RESSOURCES\",\"item\":\"https:\/\/cmc-carrier.com\/fr\/ressources\/\"},{\"@type\":\"ListItem\",\"position\":3,\"name\":\"NOS R\u00c9ALISATIONS\"}]},{\"@type\":\"WebSite\",\"@id\":\"https:\/\/cmc-carrier.com\/#website\",\"url\":\"https:\/\/cmc-carrier.com\/\",\"name\":\"Carrier Mausoleums Construction\",\"description\":\"\",\"potentialAction\":[{\"@type\":\"SearchAction\",\"target\":{\"@type\":\"EntryPoint\",\"urlTemplate\":\"https:\/\/cmc-carrier.com\/?s={search_term_string}\"},\"query-input\":\"required name=search_term_string\"}],\"inLanguage\":\"fr-FR\"}]}<\/script>\n<!-- \/ Yoast SEO plugin. -->","yoast_head_json":{"title":"Galerie de photos de columbariums, de niches cin\u00e9raires et de mausol\u00e9es | CMC-Carrier","description":"Consultez la galerie de photos de CMC pour admirer nos projets r\u00e9alis\u00e9s de mausol\u00e9es, de niches \u00e0 fa\u00e7ade de verre, de columbariums et autres.","robots":{"index":"index","follow":"follow","max-snippet":"max-snippet:-1","max-image-preview":"max-image-preview:large","max-video-preview":"max-video-preview:-1"},"canonical":"https:\/\/cmc-carrier.com\/fr\/ressources\/nos-realisations\/","og_locale":"fr_FR","og_type":"article","og_title":"Galerie de photos de columbariums, de niches cin\u00e9raires et de mausol\u00e9es | CMC-Carrier","og_description":"Consultez la galerie de photos de CMC pour admirer nos projets r\u00e9alis\u00e9s de mausol\u00e9es, de niches \u00e0 fa\u00e7ade de verre, de columbariums et autres.","og_url":"https:\/\/cmc-carrier.com\/fr\/ressources\/nos-realisations\/","og_site_name":"Carrier Mausoleums Construction","article_modified_time":"2016-03-21T15:11:50+00:00","schema":{"@context":"https:\/\/schema.org","@graph":[{"@type":"WebPage","@id":"https:\/\/cmc-carrier.com\/fr\/ressources\/nos-realisations\/","url":"https:\/\/cmc-carrier.com\/fr\/ressources\/nos-realisations\/","name":"Galerie de photos de columbariums, de niches cin\u00e9raires et de mausol\u00e9es | CMC-Carrier","isPartOf":{"@id":"https:\/\/cmc-carrier.com\/#website"},"datePublished":"2013-07-24T17:26:54+00:00","dateModified":"2016-03-21T15:11:50+00:00","description":"Consultez la galerie de photos de CMC pour admirer nos projets r\u00e9alis\u00e9s de mausol\u00e9es, de niches \u00e0 fa\u00e7ade de verre, de columbariums et autres.","breadcrumb":{"@id":"https:\/\/cmc-carrier.com\/fr\/ressources\/nos-realisations\/#breadcrumb"},"inLanguage":"fr-FR","potentialAction":[{"@type":"ReadAction","target":["https:\/\/cmc-carrier.com\/fr\/ressources\/nos-realisations\/"]}]},{"@type":"BreadcrumbList","@id":"https:\/\/cmc-carrier.com\/fr\/ressources\/nos-realisations\/#breadcrumb","itemListElement":[{"@type":"ListItem","position":1,"name":"Home","item":"https:\/\/cmc-carrier.com\/fr\/"},{"@type":"ListItem","position":2,"name":"RESSOURCES","item":"https:\/\/cmc-carrier.com\/fr\/ressources\/"},{"@type":"ListItem","position":3,"name":"NOS R\u00c9ALISATIONS"}]},{"@type":"WebSite","@id":"https:\/\/cmc-carrier.com\/#website","url":"https:\/\/cmc-carrier.com\/","name":"Carrier Mausoleums Construction","description":"","potentialAction":[{"@type":"SearchAction","target":{"@type":"EntryPoint","urlTemplate":"https:\/\/cmc-carrier.com\/?s={search_term_string}"},"query-input":"required name=search_term_string"}],"inLanguage":"fr-FR"}]}},"_links":{"self":[{"href":"https:\/\/cmc-carrier.com\/fr\/wp-json\/wp\/v2\/pages\/3440"}],"collection":[{"href":"https:\/\/cmc-carrier.com\/fr\/wp-json\/wp\/v2\/pages"}],"about":[{"href":"https:\/\/cmc-carrier.com\/fr\/wp-json\/wp\/v2\/types\/page"}],"author":[{"embeddable":true,"href":"https:\/\/cmc-carrier.com\/fr\/wp-json\/wp\/v2\/users\/1"}],"replies":[{"embeddable":true,"href":"https:\/\/cmc-carrier.com\/fr\/wp-json\/wp\/v2\/comments?post=3440"}],"version-history":[{"count":4,"href":"https:\/\/cmc-carrier.com\/fr\/wp-json\/wp\/v2\/pages\/3440\/revisions"}],"predecessor-version":[{"id":3658,"href":"https:\/\/cmc-carrier.com\/fr\/wp-json\/wp\/v2\/pages\/3440\/revisions\/3658"}],"up":[{"embeddable":true,"href":"https:\/\/cmc-carrier.com\/fr\/wp-json\/wp\/v2\/pages\/3152"}],"wp:attachment":[{"href":"https:\/\/cmc-carrier.com\/fr\/wp-json\/wp\/v2\/media?parent=3440"}],"curies":[{"name":"wp","href":"https:\/\/api.w.org\/{rel}","templated":true}]}}