{"id":3181,"date":"2014-03-26T22:47:33","date_gmt":"2014-03-26T22:47:33","guid":{"rendered":"https:\/\/cmc-carrier.com\/?page_id=3181"},"modified":"2014-04-29T21:07:41","modified_gmt":"2014-04-29T21:07:41","slug":"ads","status":"publish","type":"page","link":"https:\/\/cmc-carrier.com\/fr\/ressources\/ads\/","title":{"rendered":"M\u00c9DIAS"},"content":{"rendered":"<h1>TOUT CE QUE VOUS DEVEZ SAVOIR SUR TOUT CE QUE NOUS FAISONS.<\/h1>\n<h2>T\u00e9l\u00e9chargez les derni\u00e8res nouvelles ici.<\/h2>\n<p>&nbsp;<\/p>\n<div class=\"ads-section\"><img loading=\"lazy\" decoding=\"async\" class=\"alignleft size-full wp-image-1363 lazyload\" alt=\"CMC_ad_11.27.13\" data-src=\"https:\/\/cmc-carrier.com\/wp-content\/uploads\/2013\/07\/CMC_ad_11.27.131.png\" width=\"227\" height=\"295\" src=\"data:image\/gif;base64,R0lGODlhAQABAAAAACH5BAEKAAEALAAAAAABAAEAAAICTAEAOw==\" style=\"--smush-placeholder-width: 227px; --smush-placeholder-aspect-ratio: 227\/295;\" \/><noscript><img loading=\"lazy\" decoding=\"async\" class=\"alignleft size-full wp-image-1363\" alt=\"CMC_ad_11.27.13\" src=\"https:\/\/cmc-carrier.com\/wp-content\/uploads\/2013\/07\/CMC_ad_11.27.131.png\" width=\"227\" height=\"295\" \/><\/noscript><\/p>\n<h3>Rendez-vous de la qualit\u00e9, du savoir-faire et du patrimoine<\/h3>\n<p>Vous ne trouverez pas d\u2019entreprise de conception-construction fun\u00e9raire qui observe des normes plus \u00e9lev\u00e9es que CMC. Alors que certains comp\u00e9titeurs sacrifient la qualit\u00e9 pour construire des solutions moins ch\u00e8res et pareilles pour tous, nous prenons soin de r\u00e9aliser des concepts uniques et recherch\u00e9s dont profiteront plusieurs g\u00e9n\u00e9rations. Du travail d\u00e9licatement ouvrag\u00e9 d\u2019un projet de niches \u00e0 fa\u00e7ade de verre \u00e0 la beaut\u00e9 spectaculaire de nos mausol\u00e9es, nous savons comment cr\u00e9er l\u2019effet et l\u2019esprit d\u2019un lieu de s\u00e9pulture. Quand vient le temps de pr\u00e9server la m\u00e9moire des proches disparus, nos comp\u00e9titeurs sont loin derri\u00e8re nous.<\/p>\n<p><b>Vous aimeriez savoir comment CMC peut vous aider \u00e0 concr\u00e9tiser votre projet? Communiquez avec nous d\u00e8s maintenant.\u00a0<\/b><\/p>\n<p><a class=\"pdf-download\" href=\"https:\/\/cmc-carrier.com\/wp-content\/uploads\/2013\/07\/CMC_ICCFA.Testimonial_MECH.pdf\" target=\"_blank\">T\u00e9l\u00e9charger le document PDF<\/a><\/p>\n<\/div>\n<div class=\"ads-section\">\n<p><img loading=\"lazy\" decoding=\"async\" class=\"alignleft size-full wp-image-245 lazyload\" alt=\"CMC_Resources_Ads_12\" data-src=\"https:\/\/cmc-carrier.com\/wp-content\/uploads\/2013\/07\/CMC_Resources_Ads_12.jpg\" width=\"227\" height=\"295\" src=\"data:image\/gif;base64,R0lGODlhAQABAAAAACH5BAEKAAEALAAAAAABAAEAAAICTAEAOw==\" style=\"--smush-placeholder-width: 227px; --smush-placeholder-aspect-ratio: 227\/295;\" \/><noscript><img loading=\"lazy\" decoding=\"async\" class=\"alignleft size-full wp-image-245\" alt=\"CMC_Resources_Ads_12\" src=\"https:\/\/cmc-carrier.com\/wp-content\/uploads\/2013\/07\/CMC_Resources_Ads_12.jpg\" width=\"227\" height=\"295\" \/><\/noscript><\/p>\n<h3><span style=\"font-size: 1.142857143rem; line-height: 1.846153846;\">\u00c0 L\u2019HEURE O\u00d9 LE MONDE SE TOURNE VERS LA CR\u00c9MATION, SE TOURNE-T-ON VERS VOUS?\u00a0<\/span><\/h3>\n<p><strong>Les columbariums structurels de CMC, un avenir prometteur pour le patrimoine familial. <\/strong><\/p>\n<p>Comme les mausol\u00e9es communautaires, qui font aujourd\u2019hui partie int\u00e9grante de votre offre de services, les columbariums structurels vous procureront une longueur d\u2019avance sur le march\u00e9 croissant de la cr\u00e9mation.<\/p>\n<p>\u00c0 titre de chef de file de l\u2019industrie dans la conception et la construction de columbariums structurels, CMC mettra tout en \u0153uvre pour comprendre votre entreprise, vos besoins et votre client\u00e8le. Cela signifie que vous trouverez en nous un partenaire d\u2019exp\u00e9rience pour votre projet, de m\u00eame que la plus grande valeur et la meilleure qualit\u00e9 de l\u2019industrie.<\/p>\n<p>De plus, l\u2019\u00e9quipe multidisciplinaire chevronn\u00e9e de CMC s\u2019occupera de tout, du service-conseil \u00e0 la conception, de la planification \u00e0 l\u2019ing\u00e9nierie et \u00e0 la construction, et m\u00eame de la fabrication de niches cin\u00e9raires \u00e0 leur installation.<\/p>\n<p>N\u2019est-il pas temps, pour votre entreprise, d\u2019envisager un avenir profitable? Avec CMC, le march\u00e9 de la cr\u00e9mation est \u00e0 votre port\u00e9e.<\/p>\n<p><a class=\"pdf-download\" href=\"https:\/\/cmc-carrier.com\/wp-content\/uploads\/2013\/07\/CMC_Suites.pdf\" target=\"_blank\">T\u00e9l\u00e9charger le document PDF<\/a><\/p>\n<\/div>\n<div class=\"ads-section\">\n<p><img loading=\"lazy\" decoding=\"async\" class=\"alignleft size-full wp-image-244 lazyload\" alt=\"CMC_Resources_Ads_10\" data-src=\"https:\/\/cmc-carrier.com\/wp-content\/uploads\/2013\/07\/CMC_Resources_Ads_101.jpg\" width=\"227\" height=\"289\" src=\"data:image\/gif;base64,R0lGODlhAQABAAAAACH5BAEKAAEALAAAAAABAAEAAAICTAEAOw==\" style=\"--smush-placeholder-width: 227px; --smush-placeholder-aspect-ratio: 227\/289;\" \/><noscript><img loading=\"lazy\" decoding=\"async\" class=\"alignleft size-full wp-image-244\" alt=\"CMC_Resources_Ads_10\" src=\"https:\/\/cmc-carrier.com\/wp-content\/uploads\/2013\/07\/CMC_Resources_Ads_101.jpg\" width=\"227\" height=\"289\" \/><\/noscript><\/p>\n<h3><span style=\"font-size: 1.142857143rem; line-height: 1.846153846;\">CONSTRUIT POUR DURER, COMME DEVRAIT L\u2019\u00caTRE UN PATRIMOINE<\/span><\/h3>\n<p>Nous offrons plus que l\u2019excellence en mati\u00e8re de mausol\u00e9es, de niches \u00e0 fa\u00e7ade de verre, de columbariums et d\u2019accessoires de bronze. Chez CMC, nous b\u00e2tissons un patrimoine de qualit\u00e9, de savoir-faire et de fiabilit\u00e9. Quelle que soit l\u2019envergure de votre projet, d\u2019un grand mausol\u00e9e familial aux accessoires les plus simples, CMC vous garantit l\u2019efficacit\u00e9, l\u2019\u00e9l\u00e9gance et la rentabilit\u00e9. C\u2019est l\u2019engagement que nous prenons avec vous, vos clients et leurs proches, et c\u2019est ainsi que nous avons b\u00e2ti notre r\u00e9putation de chef de file en Am\u00e9rique du Nord.<\/p>\n<p><strong>Nous comprenons qu\u2019en mati\u00e8re de s\u00e9pulture, la qualit\u00e9 ne souffre aucun compromis. Ce n\u2019est pas qu\u2019une construction, c\u2019est une pierre dans l\u2019histoire.<\/strong><\/p>\n<p><a class=\"pdf-download\" href=\"https:\/\/cmc-carrier.com\/wp-content\/uploads\/2013\/07\/CMC_BrandingAd.pdf\" target=\"_blank\">T\u00e9l\u00e9charger le document PDF<\/a><\/p>\n<\/div>\n<div class=\"ads-section\">\n<p><img loading=\"lazy\" decoding=\"async\" class=\"alignleft size-full wp-image-241 lazyload\" alt=\"CMC_Resources_Ads_08\" data-src=\"https:\/\/cmc-carrier.com\/wp-content\/uploads\/2013\/07\/CMC_Resources_Ads_08.jpg\" width=\"227\" height=\"293\" src=\"data:image\/gif;base64,R0lGODlhAQABAAAAACH5BAEKAAEALAAAAAABAAEAAAICTAEAOw==\" style=\"--smush-placeholder-width: 227px; --smush-placeholder-aspect-ratio: 227\/293;\" \/><noscript><img loading=\"lazy\" decoding=\"async\" class=\"alignleft size-full wp-image-241\" alt=\"CMC_Resources_Ads_08\" src=\"https:\/\/cmc-carrier.com\/wp-content\/uploads\/2013\/07\/CMC_Resources_Ads_08.jpg\" width=\"227\" height=\"293\" \/><\/noscript><\/p>\n<h3><b>VOICI COMMENT LAISSER SA MARQUE DANS L\u2019HISTOIRE.<\/b><\/h3>\n<p>Nous offrons plus que l\u2019excellence en mati\u00e8re de mausol\u00e9es, de niches \u00e0 fa\u00e7ade de verre, de columbariums et d\u2019accessoires de bronze. Chez CMC, nous b\u00e2tissons un patrimoine de qualit\u00e9, de savoir-faire et de fiabilit\u00e9. Quelle que soit l\u2019envergure de votre projet, d\u2019un grand mausol\u00e9e familial aux accessoires les plus simples, CMC vous garantit l\u2019efficacit\u00e9, l\u2019\u00e9l\u00e9gance et la rentabilit\u00e9. C\u2019est l\u2019engagement que nous prenons avec vous, vos clients et leurs proches, et c\u2019est ainsi que nous avons b\u00e2ti notre r\u00e9putation de chef de file en Am\u00e9rique du Nord.<\/p>\n<p><strong>Nous comprenons qu\u2019en mati\u00e8re de s\u00e9pulture, la qualit\u00e9 ne souffre aucun compromis. Ce n\u2019est pas qu\u2019une construction, c\u2019est une pierre dans l\u2019histoire.\u00a0<\/strong><\/p>\n<p><a class=\"pdf-download\" href=\"https:\/\/cmc-carrier.com\/wp-content\/uploads\/2013\/07\/CMC_Mausoleum.pdf\" target=\"_blank\">T\u00e9l\u00e9charger le document PDF<\/a><\/p>\n<\/div>\n<div class=\"ads-section\">\n<p>&nbsp;<\/p>\n<\/div>\n","protected":false},"excerpt":{"rendered":"<p>TOUT CE QUE VOUS DEVEZ SAVOIR SUR TOUT CE QUE NOUS FAISONS. T\u00e9l\u00e9chargez les derni\u00e8res nouvelles ici. &nbsp; Rendez-vous de la qualit\u00e9, du savoir-faire et du patrimoine Vous ne trouverez pas d\u2019entreprise de conception-construction fun\u00e9raire qui observe des normes plus \u00e9lev\u00e9es que CMC. Alors que certains comp\u00e9titeurs sacrifient la qualit\u00e9 pour construire des solutions moins <a class=\"read-more\" href=\"https:\/\/cmc-carrier.com\/fr\/ressources\/ads\/\">Read More<\/a><\/p>\n","protected":false},"author":1,"featured_media":0,"parent":3152,"menu_order":0,"comment_status":"closed","ping_status":"closed","template":"page-resources-ads.php","meta":{"footnotes":""},"yoast_head":"<!-- This site is optimized with the Yoast SEO plugin v22.3 - https:\/\/yoast.com\/wordpress\/plugins\/seo\/ -->\n<title>M\u00e9dias | CMC - Carrier<\/title>\n<meta name=\"description\" content=\"Tout ce que vous devez savoir sur tout ce que nous faisons. Tout au m\u00eame endroit, d\u2019un seul coup, quand vous le voulez.\" \/>\n<meta name=\"robots\" content=\"index, follow, max-snippet:-1, max-image-preview:large, max-video-preview:-1\" \/>\n<link rel=\"canonical\" href=\"https:\/\/cmc-carrier.com\/fr\/ressources\/ads\/\" \/>\n<meta property=\"og:locale\" content=\"fr_FR\" \/>\n<meta property=\"og:type\" content=\"article\" \/>\n<meta property=\"og:title\" content=\"M\u00e9dias | CMC - Carrier\" \/>\n<meta property=\"og:description\" content=\"Tout ce que vous devez savoir sur tout ce que nous faisons. Tout au m\u00eame endroit, d\u2019un seul coup, quand vous le voulez.\" \/>\n<meta property=\"og:url\" content=\"https:\/\/cmc-carrier.com\/fr\/ressources\/ads\/\" \/>\n<meta property=\"og:site_name\" content=\"Carrier Mausoleums Construction\" \/>\n<meta property=\"article:modified_time\" content=\"2014-04-29T21:07:41+00:00\" \/>\n<meta property=\"og:image\" content=\"https:\/\/cmc-carrier.com\/wp-content\/uploads\/2013\/07\/CMC_ad_11.27.131.png\" \/>\n<meta name=\"twitter:label1\" content=\"Dur\u00e9e de lecture estim\u00e9e\" \/>\n\t<meta name=\"twitter:data1\" content=\"3 minutes\" \/>\n<script type=\"application\/ld+json\" class=\"yoast-schema-graph\">{\"@context\":\"https:\/\/schema.org\",\"@graph\":[{\"@type\":\"WebPage\",\"@id\":\"https:\/\/cmc-carrier.com\/fr\/ressources\/ads\/\",\"url\":\"https:\/\/cmc-carrier.com\/fr\/ressources\/ads\/\",\"name\":\"M\u00e9dias | CMC - Carrier\",\"isPartOf\":{\"@id\":\"https:\/\/cmc-carrier.com\/#website\"},\"primaryImageOfPage\":{\"@id\":\"https:\/\/cmc-carrier.com\/fr\/ressources\/ads\/#primaryimage\"},\"image\":{\"@id\":\"https:\/\/cmc-carrier.com\/fr\/ressources\/ads\/#primaryimage\"},\"thumbnailUrl\":\"https:\/\/cmc-carrier.com\/wp-content\/uploads\/2013\/07\/CMC_ad_11.27.131.png\",\"datePublished\":\"2014-03-26T22:47:33+00:00\",\"dateModified\":\"2014-04-29T21:07:41+00:00\",\"description\":\"Tout ce que vous devez savoir sur tout ce que nous faisons. Tout au m\u00eame endroit, d\u2019un seul coup, quand vous le voulez.\",\"breadcrumb\":{\"@id\":\"https:\/\/cmc-carrier.com\/fr\/ressources\/ads\/#breadcrumb\"},\"inLanguage\":\"fr-FR\",\"potentialAction\":[{\"@type\":\"ReadAction\",\"target\":[\"https:\/\/cmc-carrier.com\/fr\/ressources\/ads\/\"]}]},{\"@type\":\"ImageObject\",\"inLanguage\":\"fr-FR\",\"@id\":\"https:\/\/cmc-carrier.com\/fr\/ressources\/ads\/#primaryimage\",\"url\":\"https:\/\/cmc-carrier.com\/wp-content\/uploads\/2013\/07\/CMC_ad_11.27.131.png\",\"contentUrl\":\"https:\/\/cmc-carrier.com\/wp-content\/uploads\/2013\/07\/CMC_ad_11.27.131.png\",\"width\":227,\"height\":295},{\"@type\":\"BreadcrumbList\",\"@id\":\"https:\/\/cmc-carrier.com\/fr\/ressources\/ads\/#breadcrumb\",\"itemListElement\":[{\"@type\":\"ListItem\",\"position\":1,\"name\":\"Home\",\"item\":\"https:\/\/cmc-carrier.com\/fr\/\"},{\"@type\":\"ListItem\",\"position\":2,\"name\":\"RESSOURCES\",\"item\":\"https:\/\/cmc-carrier.com\/fr\/ressources\/\"},{\"@type\":\"ListItem\",\"position\":3,\"name\":\"M\u00c9DIAS\"}]},{\"@type\":\"WebSite\",\"@id\":\"https:\/\/cmc-carrier.com\/#website\",\"url\":\"https:\/\/cmc-carrier.com\/\",\"name\":\"Carrier Mausoleums Construction\",\"description\":\"\",\"potentialAction\":[{\"@type\":\"SearchAction\",\"target\":{\"@type\":\"EntryPoint\",\"urlTemplate\":\"https:\/\/cmc-carrier.com\/?s={search_term_string}\"},\"query-input\":\"required name=search_term_string\"}],\"inLanguage\":\"fr-FR\"}]}<\/script>\n<!-- \/ Yoast SEO plugin. -->","yoast_head_json":{"title":"M\u00e9dias | CMC - Carrier","description":"Tout ce que vous devez savoir sur tout ce que nous faisons. Tout au m\u00eame endroit, d\u2019un seul coup, quand vous le voulez.","robots":{"index":"index","follow":"follow","max-snippet":"max-snippet:-1","max-image-preview":"max-image-preview:large","max-video-preview":"max-video-preview:-1"},"canonical":"https:\/\/cmc-carrier.com\/fr\/ressources\/ads\/","og_locale":"fr_FR","og_type":"article","og_title":"M\u00e9dias | CMC - Carrier","og_description":"Tout ce que vous devez savoir sur tout ce que nous faisons. Tout au m\u00eame endroit, d\u2019un seul coup, quand vous le voulez.","og_url":"https:\/\/cmc-carrier.com\/fr\/ressources\/ads\/","og_site_name":"Carrier Mausoleums Construction","article_modified_time":"2014-04-29T21:07:41+00:00","og_image":[{"url":"https:\/\/cmc-carrier.com\/wp-content\/uploads\/2013\/07\/CMC_ad_11.27.131.png"}],"twitter_misc":{"Dur\u00e9e de lecture estim\u00e9e":"3 minutes"},"schema":{"@context":"https:\/\/schema.org","@graph":[{"@type":"WebPage","@id":"https:\/\/cmc-carrier.com\/fr\/ressources\/ads\/","url":"https:\/\/cmc-carrier.com\/fr\/ressources\/ads\/","name":"M\u00e9dias | CMC - Carrier","isPartOf":{"@id":"https:\/\/cmc-carrier.com\/#website"},"primaryImageOfPage":{"@id":"https:\/\/cmc-carrier.com\/fr\/ressources\/ads\/#primaryimage"},"image":{"@id":"https:\/\/cmc-carrier.com\/fr\/ressources\/ads\/#primaryimage"},"thumbnailUrl":"https:\/\/cmc-carrier.com\/wp-content\/uploads\/2013\/07\/CMC_ad_11.27.131.png","datePublished":"2014-03-26T22:47:33+00:00","dateModified":"2014-04-29T21:07:41+00:00","description":"Tout ce que vous devez savoir sur tout ce que nous faisons. Tout au m\u00eame endroit, d\u2019un seul coup, quand vous le voulez.","breadcrumb":{"@id":"https:\/\/cmc-carrier.com\/fr\/ressources\/ads\/#breadcrumb"},"inLanguage":"fr-FR","potentialAction":[{"@type":"ReadAction","target":["https:\/\/cmc-carrier.com\/fr\/ressources\/ads\/"]}]},{"@type":"ImageObject","inLanguage":"fr-FR","@id":"https:\/\/cmc-carrier.com\/fr\/ressources\/ads\/#primaryimage","url":"https:\/\/cmc-carrier.com\/wp-content\/uploads\/2013\/07\/CMC_ad_11.27.131.png","contentUrl":"https:\/\/cmc-carrier.com\/wp-content\/uploads\/2013\/07\/CMC_ad_11.27.131.png","width":227,"height":295},{"@type":"BreadcrumbList","@id":"https:\/\/cmc-carrier.com\/fr\/ressources\/ads\/#breadcrumb","itemListElement":[{"@type":"ListItem","position":1,"name":"Home","item":"https:\/\/cmc-carrier.com\/fr\/"},{"@type":"ListItem","position":2,"name":"RESSOURCES","item":"https:\/\/cmc-carrier.com\/fr\/ressources\/"},{"@type":"ListItem","position":3,"name":"M\u00c9DIAS"}]},{"@type":"WebSite","@id":"https:\/\/cmc-carrier.com\/#website","url":"https:\/\/cmc-carrier.com\/","name":"Carrier Mausoleums Construction","description":"","potentialAction":[{"@type":"SearchAction","target":{"@type":"EntryPoint","urlTemplate":"https:\/\/cmc-carrier.com\/?s={search_term_string}"},"query-input":"required name=search_term_string"}],"inLanguage":"fr-FR"}]}},"_links":{"self":[{"href":"https:\/\/cmc-carrier.com\/fr\/wp-json\/wp\/v2\/pages\/3181"}],"collection":[{"href":"https:\/\/cmc-carrier.com\/fr\/wp-json\/wp\/v2\/pages"}],"about":[{"href":"https:\/\/cmc-carrier.com\/fr\/wp-json\/wp\/v2\/types\/page"}],"author":[{"embeddable":true,"href":"https:\/\/cmc-carrier.com\/fr\/wp-json\/wp\/v2\/users\/1"}],"replies":[{"embeddable":true,"href":"https:\/\/cmc-carrier.com\/fr\/wp-json\/wp\/v2\/comments?post=3181"}],"version-history":[{"count":10,"href":"https:\/\/cmc-carrier.com\/fr\/wp-json\/wp\/v2\/pages\/3181\/revisions"}],"predecessor-version":[{"id":3652,"href":"https:\/\/cmc-carrier.com\/fr\/wp-json\/wp\/v2\/pages\/3181\/revisions\/3652"}],"up":[{"embeddable":true,"href":"https:\/\/cmc-carrier.com\/fr\/wp-json\/wp\/v2\/pages\/3152"}],"wp:attachment":[{"href":"https:\/\/cmc-carrier.com\/fr\/wp-json\/wp\/v2\/media?parent=3181"}],"curies":[{"name":"wp","href":"https:\/\/api.w.org\/{rel}","templated":true}]}}