{"id":3174,"date":"2014-03-26T22:37:28","date_gmt":"2014-03-26T22:37:28","guid":{"rendered":"https:\/\/cmc-carrier.com\/?page_id=3174"},"modified":"2023-08-22T19:18:00","modified_gmt":"2023-08-22T19:18:00","slug":"careers","status":"publish","type":"page","link":"https:\/\/cmc-carrier.com\/fr\/ressources\/careers\/","title":{"rendered":"CARRI\u00c8RES"},"content":{"rendered":"<!--<h1>VOUS AIMEZ CONSTRUIRE?<\/h1>\r\n<h1>CONSTRUISEZ-VOUS UNE CARRI\u00c8RE CHEZ NOUS.<\/h1>\r\n<div class=\"vb22\">Une carri\u00e8re chez CMC<\/div>-->\r\n\r\n<div class=\"intro-text\"><div class=\"vb22\">Une carri\u00e8re chez CMC<\/div>\r\n<p><img loading=\"lazy\" decoding=\"async\" class=\"alignright size-full wp-image-7002 lazyload\" data-src=\"https:\/\/cmc-carrier.com\/wp-content\/uploads\/2022\/08\/acq_cmc.jpg\" alt=\"\" width=\"327\" height=\"111\" src=\"data:image\/gif;base64,R0lGODlhAQABAAAAACH5BAEKAAEALAAAAAABAAEAAAICTAEAOw==\" style=\"--smush-placeholder-width: 327px; --smush-placeholder-aspect-ratio: 327\/111;\" \/><noscript><img loading=\"lazy\" decoding=\"async\" class=\"alignright size-full wp-image-7002\" src=\"https:\/\/cmc-carrier.com\/wp-content\/uploads\/2022\/08\/acq_cmc.jpg\" alt=\"\" width=\"327\" height=\"111\" \/><\/noscript>Les gens de CMC ne sont pas des gens ordinaires. Nous voyons l\u2019art dans le quotidien. Nous n\u2019avons pas besoin des feux de la rampe pour briller, seulement d\u2019une occasion. Nous mettons tout notre c\u0153ur \u00e0 construire les plus beaux mausol\u00e9es, columbariums, cimeti\u00e8res et complexes fun\u00e9raires. Nous en mettons tout autant \u00e0 r\u00e9ussir nos projets de construction commerciale en b\u00e9ton et nos coffrages. <br \/>\r\n<img loading=\"lazy\" decoding=\"async\" class=\"alignleft size-full wp-image-1064 lazyload\" data-src=\"https:\/\/cmc-carrier.com\/wp-content\/uploads\/2013\/10\/team_hands.png\" alt=\"ruler\" width=\"350\" height=\"191\" src=\"data:image\/gif;base64,R0lGODlhAQABAAAAACH5BAEKAAEALAAAAAABAAEAAAICTAEAOw==\" style=\"--smush-placeholder-width: 350px; --smush-placeholder-aspect-ratio: 350\/191;\" \/><noscript><img loading=\"lazy\" decoding=\"async\" class=\"alignleft size-full wp-image-1064\" src=\"https:\/\/cmc-carrier.com\/wp-content\/uploads\/2013\/10\/team_hands.png\" alt=\"ruler\" width=\"350\" height=\"191\" \/><\/noscript>\r\n<strong>Vous vous reconnaissez? Vous aimerez la suite:<\/strong><br> CMC est une entreprise familiale. Ici, la solidarit\u00e9 dans le travail n\u2019est pas l\u2019exception, mais la r\u00e8gle. De plus, nous sommes le chef de file en construction fun\u00e9raire. Vous trouverez chez nous des possibilit\u00e9s inimaginables n\u2019importe o\u00f9 ailleurs. <br>Si vous \u00eates passionn\u00e9 et travaillant, si vous avez du talent et aspirez \u00e0 changer les choses, faites partie de la famille. Vous y gagnerez. Nous aussi.<\/p>\r\n\r\n<div class=\"vb22\">Pourquoi choisir CMC?<\/div>\r\n<a href=\"https:\/\/youtu.be\/MEhTXb0qW5o\" target=\"\u201d_blank\u201d\" rel=\"noopener\"><img loading=\"lazy\" decoding=\"async\" class=\"alignright size-full wp-image-7002 lazyload\" data-src=\"https:\/\/cmc-carrier.com\/wp-content\/uploads\/2023\/04\/Image-FR.jpg\" alt=\"\" width=\"350\" height=\"180\" src=\"data:image\/gif;base64,R0lGODlhAQABAAAAACH5BAEKAAEALAAAAAABAAEAAAICTAEAOw==\" style=\"--smush-placeholder-width: 350px; --smush-placeholder-aspect-ratio: 350\/180;\" \/><noscript><img loading=\"lazy\" decoding=\"async\" class=\"alignright size-full wp-image-7002\" src=\"https:\/\/cmc-carrier.com\/wp-content\/uploads\/2023\/04\/Image-FR.jpg\" alt=\"\" width=\"350\" height=\"180\" \/><\/noscript><\/a>Choisir CMC, c\u2019est choisir un bel avenir! <br>La Direction est engag\u00e9e envers ses employ\u00e9s et offre des avantages tr\u00e8s comp\u00e9titifs. <br>Visionnez une courte vid\u00e9o o\u00f9 nos employ\u00e9s vous pr\u00e9sentent quelques raisons de vous joindre \u00e0 nous!\r\n<br><br>\r\n<img decoding=\"async\" class=\"alignleft size-full wp-image-1064 lazyload\" data-src=\"https:\/\/cmc-carrier.com\/wp-content\/uploads\/2023\/08\/BBQ.gif\" alt=\"ruler\" width=\"400\" src=\"data:image\/gif;base64,R0lGODlhAQABAAAAACH5BAEKAAEALAAAAAABAAEAAAICTAEAOw==\" style=\"--smush-placeholder-width: 600px; --smush-placeholder-aspect-ratio: 600\/338;\" \/><noscript><img decoding=\"async\" class=\"alignleft size-full wp-image-1064\" src=\"https:\/\/cmc-carrier.com\/wp-content\/uploads\/2023\/08\/BBQ.gif\" alt=\"ruler\" width=\"400\" \/><\/noscript>\r\nNous travaillons ensemble et nous nous amusons ensemble. S&rsquo;amuser au travail est un excellent moyen d&rsquo;apprendre \u00e0 mieux se conna\u00eetre, de comprendre les traits de caract\u00e8re et les forces de chacun et de cr\u00e9er des liens. <br><br>Voici les photos du barbecue de l&rsquo;\u00e9quipe au si\u00e8ge social avec comp\u00e9titions amicales et amusantes! <br><br>\r\n\r\n<!--\r\n<div class=\"wp-block-columns\">\r\n<div class=\"wp-block-column is-layout-flow wp-block-column-is-layout-flow\">\r\n<div class=\"vb22\">Pourquoi choisir CMC?<\/div>\r\nChoisir CMC, c\u2019est choisir un bel avenir! La Direction est engag\u00e9e envers ses employ\u00e9s et offre des avantages<br \/>tr\u00e8s comp\u00e9titifs. <br \/><br \/>Visionnez une courte vid\u00e9o o\u00f9 nos employ\u00e9s vous pr\u00e9sentent quelques raisons de vous joindre \u00e0 nous! <br \/><br \/>\r\n\r\n\r\n<div class=\"wp-block-image\">\r\n<figure class=\"alignleft size-large is-resized\"><a href=\"https:\/\/youtu.be\/MEhTXb0qW5o\" target=\"\u201d_blank\u201d\" rel=\"noopener\"><img decoding=\"async\" class=\"wp-image-5177 lazyload\" data-src=\"https:\/\/cmc-carrier.com\/wp-content\/uploads\/2023\/08\/Slide2.jpg\" alt=\"\" width=\"450\" src=\"data:image\/gif;base64,R0lGODlhAQABAAAAACH5BAEKAAEALAAAAAABAAEAAAICTAEAOw==\" style=\"--smush-placeholder-width: 1280px; --smush-placeholder-aspect-ratio: 1280\/720;\" \/><noscript><img decoding=\"async\" class=\"wp-image-5177\" src=\"https:\/\/cmc-carrier.com\/wp-content\/uploads\/2023\/08\/Slide2.jpg\" alt=\"\" width=\"450\" \/><\/noscript><\/a><\/figure>\r\n<\/div>\r\n<\/div>\r\n\r\n\r\n\r\n<div class=\"wp-block-column is-layout-flow wp-block-column-is-layout-flow\">\r\n<div class=\"vb22\">Notre \u00e9quipe<\/div>\r\n Nous travaillons ensemble et nous nous amusons ensemble. S'amuser au travail est un excellent moyen d'apprendre \u00e0 mieux se conna\u00eetre, de comprendre les traits de caract\u00e8re et les forces de chacun et de cr\u00e9er des liens. <br \/>Ci-dessous sont les photos du barbecue de l'\u00e9quipe au si\u00e8ge social avec comp\u00e9titions amicales et amusantes! \r\n<div class=\"wp-block-image\">\r\n<figure class=\"alignleft size-large is-resized\"><img decoding=\"async\" class=\"wp-image-4957 lazyload\" data-src=\"https:\/\/cmc-carrier.com\/wp-content\/uploads\/2023\/08\/BBQ.gif\" alt=\"\" width=\"450\" src=\"data:image\/gif;base64,R0lGODlhAQABAAAAACH5BAEKAAEALAAAAAABAAEAAAICTAEAOw==\" style=\"--smush-placeholder-width: 600px; --smush-placeholder-aspect-ratio: 600\/338;\" \/><noscript><img decoding=\"async\" class=\"wp-image-4957\" src=\"https:\/\/cmc-carrier.com\/wp-content\/uploads\/2023\/08\/BBQ.gif\" alt=\"\" width=\"450\" \/><\/noscript><\/figure>\r\n<\/div>\r\n<\/div>\r\n<\/div>\r\n-->\r\n\r\n<div class=\"vb22\">Appuyer nos employ\u00e9s et les causes qui les tiennent \u00e0 coeur<\/div>\r\n<img decoding=\"async\" class=\"alignleft size-full wp-image-1064 lazyload\" data-src=\"https:\/\/cmc-carrier.com\/wp-content\/uploads\/2023\/08\/edwin3-scaled.jpg\" alt=\"ruler\" width=\"350\" src=\"data:image\/gif;base64,R0lGODlhAQABAAAAACH5BAEKAAEALAAAAAABAAEAAAICTAEAOw==\" style=\"--smush-placeholder-width: 1920px; --smush-placeholder-aspect-ratio: 1920\/2560;\" \/><noscript><img decoding=\"async\" class=\"alignleft size-full wp-image-1064\" src=\"https:\/\/cmc-carrier.com\/wp-content\/uploads\/2023\/08\/edwin3-scaled.jpg\" alt=\"ruler\" width=\"350\" \/><\/noscript>\r\n<br>CMC est toujours fier de soutenir et d&rsquo;encourager les activit\u00e9s caritatives de ses employ\u00e9s. <br \/><br \/>Nous f\u00e9licitons Edwin pour sa participation \u00e0 la randonn\u00e9e annuelle Bike for Brain Health organis\u00e9e pour soutenir Baycrest, un leader mondial dans le domaine du vieillissement et de la sant\u00e9 c\u00e9r\u00e9brale, affili\u00e9 \u00e0 l&rsquo;Universit\u00e9 de Toronto. <br><br>Bravo, Edwin ! <br><br><br>\r\n\r\n<div id=\"postes\" class=\"vb22\">Consultez nos offres d\u2019emploi actuelles ci-dessous:<\/div>\r\n<p><iframe loading=\"lazy\" style=\"border: 0;\" data-src=\"https:\/\/datastudio.google.com\/embed\/reporting\/f40430ec-af58-414f-ba40-b8f004b0aad7\/page\/ViZoC\" width=\"1000\" height=\"320\" frameborder=\"0\" src=\"data:image\/gif;base64,R0lGODlhAQABAAAAACH5BAEKAAEALAAAAAABAAEAAAICTAEAOw==\" class=\"lazyload\" data-load-mode=\"1\"><\/iframe><\/p>\r\n<div class=\"vb22\">Programme de r\u00e9f\u00e9rencement de personnel<\/div>\r\n<img loading=\"lazy\" decoding=\"async\" class=\"alignright size-full wp-image-7002 lazyload\" data-src=\"https:\/\/cmc-carrier.com\/wp-content\/uploads\/2022\/04\/references-site.png\" alt=\"\" width=\"200\" height=\"68\" data-srcset=\"https:\/\/cmc-carrier.com\/wp-content\/uploads\/2022\/04\/references-site.png 300w, https:\/\/cmc-carrier.com\/wp-content\/uploads\/2022\/04\/references-site-250x85.png 250w\" data-sizes=\"(max-width: 200px) 100vw, 200px\" src=\"data:image\/gif;base64,R0lGODlhAQABAAAAACH5BAEKAAEALAAAAAABAAEAAAICTAEAOw==\" style=\"--smush-placeholder-width: 200px; --smush-placeholder-aspect-ratio: 200\/68;\" \/><noscript><img loading=\"lazy\" decoding=\"async\" class=\"alignright size-full wp-image-7002\" src=\"https:\/\/cmc-carrier.com\/wp-content\/uploads\/2022\/04\/references-site.png\" alt=\"\" width=\"200\" height=\"68\" srcset=\"https:\/\/cmc-carrier.com\/wp-content\/uploads\/2022\/04\/references-site.png 300w, https:\/\/cmc-carrier.com\/wp-content\/uploads\/2022\/04\/references-site-250x85.png 250w\" sizes=\"(max-width: 200px) 100vw, 200px\" \/><\/noscript>\r\nLe Groupe CMC est conscient que ses plus fiers ambassadeurs sont ses employ\u00e9s. <br>En ce sens, l\u2019entreprise fait appel \u00e0 eux pour l\u2019aider \u00e0 d\u00e9nicher les meilleurs talents qui feront cro\u00eetre la compagnie et qui assureront son succ\u00e8s. Ce programme de r\u00e9f\u00e9rencement de personnel est donc de reconnaitre les efforts investis par ses employ\u00e9s pour soutenir le d\u00e9partement des Ressources humaines dans ses efforts de recrutement. Tout employ\u00e9 qui voudrait soumettre une candidature, SVP vous r\u00e9f\u00e9rer \u00e0 la proc\u00e9dure CMC-203.<\/div>","protected":false},"excerpt":{"rendered":"<p>Une carri\u00e8re chez CMC Les gens de CMC ne sont pas des gens ordinaires. Nous voyons l\u2019art dans le quotidien. Nous n\u2019avons pas besoin des feux de la rampe pour briller, seulement d\u2019une occasion. Nous mettons tout notre c\u0153ur \u00e0 construire les plus beaux mausol\u00e9es, columbariums, cimeti\u00e8res et complexes fun\u00e9raires. Nous en mettons tout autant <a class=\"read-more\" href=\"https:\/\/cmc-carrier.com\/fr\/ressources\/careers\/\">Read More<\/a><\/p>\n","protected":false},"author":1,"featured_media":0,"parent":3152,"menu_order":0,"comment_status":"open","ping_status":"closed","template":"","meta":{"footnotes":""},"yoast_head":"<!-- This site is optimized with the Yoast SEO plugin v22.3 - https:\/\/yoast.com\/wordpress\/plugins\/seo\/ -->\n<title>Emplois et carri\u00e8res | CMC - Carrier<\/title>\n<meta name=\"description\" content=\"Construisez votre chef-d\u2019\u0153uvre : une carri\u00e8re dont vous serez fier. D\u00e9couvrez les postes disponibles au cmc-carrier.com. Posez votre candidature d\u00e8s maintenant.\" \/>\n<meta name=\"robots\" content=\"index, follow, max-snippet:-1, max-image-preview:large, max-video-preview:-1\" \/>\n<link rel=\"canonical\" href=\"https:\/\/cmc-carrier.com\/fr\/ressources\/careers\/\" \/>\n<meta property=\"og:locale\" content=\"fr_FR\" \/>\n<meta property=\"og:type\" content=\"article\" \/>\n<meta property=\"og:title\" content=\"Emplois et carri\u00e8res | CMC - Carrier\" \/>\n<meta property=\"og:description\" content=\"Construisez votre chef-d\u2019\u0153uvre : une carri\u00e8re dont vous serez fier. D\u00e9couvrez les postes disponibles au cmc-carrier.com. Posez votre candidature d\u00e8s maintenant.\" \/>\n<meta property=\"og:url\" content=\"https:\/\/cmc-carrier.com\/fr\/ressources\/careers\/\" \/>\n<meta property=\"og:site_name\" content=\"Carrier Mausoleums Construction\" \/>\n<meta property=\"article:modified_time\" content=\"2023-08-22T19:18:00+00:00\" \/>\n<meta property=\"og:image\" content=\"https:\/\/cmc-carrier.com\/wp-content\/uploads\/2022\/08\/acq_cmc.jpg\" \/>\n<meta name=\"twitter:label1\" content=\"Dur\u00e9e de lecture estim\u00e9e\" \/>\n\t<meta name=\"twitter:data1\" content=\"4 minutes\" \/>\n<script type=\"application\/ld+json\" class=\"yoast-schema-graph\">{\"@context\":\"https:\/\/schema.org\",\"@graph\":[{\"@type\":\"WebPage\",\"@id\":\"https:\/\/cmc-carrier.com\/fr\/ressources\/careers\/\",\"url\":\"https:\/\/cmc-carrier.com\/fr\/ressources\/careers\/\",\"name\":\"Emplois et carri\u00e8res | CMC - Carrier\",\"isPartOf\":{\"@id\":\"https:\/\/cmc-carrier.com\/#website\"},\"primaryImageOfPage\":{\"@id\":\"https:\/\/cmc-carrier.com\/fr\/ressources\/careers\/#primaryimage\"},\"image\":{\"@id\":\"https:\/\/cmc-carrier.com\/fr\/ressources\/careers\/#primaryimage\"},\"thumbnailUrl\":\"https:\/\/cmc-carrier.com\/wp-content\/uploads\/2022\/08\/acq_cmc.jpg\",\"datePublished\":\"2014-03-26T22:37:28+00:00\",\"dateModified\":\"2023-08-22T19:18:00+00:00\",\"description\":\"Construisez votre chef-d\u2019\u0153uvre : une carri\u00e8re dont vous serez fier. D\u00e9couvrez les postes disponibles au cmc-carrier.com. Posez votre candidature d\u00e8s maintenant.\",\"breadcrumb\":{\"@id\":\"https:\/\/cmc-carrier.com\/fr\/ressources\/careers\/#breadcrumb\"},\"inLanguage\":\"fr-FR\",\"potentialAction\":[{\"@type\":\"ReadAction\",\"target\":[\"https:\/\/cmc-carrier.com\/fr\/ressources\/careers\/\"]}]},{\"@type\":\"ImageObject\",\"inLanguage\":\"fr-FR\",\"@id\":\"https:\/\/cmc-carrier.com\/fr\/ressources\/careers\/#primaryimage\",\"url\":\"https:\/\/cmc-carrier.com\/wp-content\/uploads\/2022\/08\/acq_cmc.jpg\",\"contentUrl\":\"https:\/\/cmc-carrier.com\/wp-content\/uploads\/2022\/08\/acq_cmc.jpg\",\"width\":981,\"height\":333},{\"@type\":\"BreadcrumbList\",\"@id\":\"https:\/\/cmc-carrier.com\/fr\/ressources\/careers\/#breadcrumb\",\"itemListElement\":[{\"@type\":\"ListItem\",\"position\":1,\"name\":\"Home\",\"item\":\"https:\/\/cmc-carrier.com\/fr\/\"},{\"@type\":\"ListItem\",\"position\":2,\"name\":\"RESSOURCES\",\"item\":\"https:\/\/cmc-carrier.com\/fr\/ressources\/\"},{\"@type\":\"ListItem\",\"position\":3,\"name\":\"CARRI\u00c8RES\"}]},{\"@type\":\"WebSite\",\"@id\":\"https:\/\/cmc-carrier.com\/#website\",\"url\":\"https:\/\/cmc-carrier.com\/\",\"name\":\"Carrier Mausoleums Construction\",\"description\":\"\",\"potentialAction\":[{\"@type\":\"SearchAction\",\"target\":{\"@type\":\"EntryPoint\",\"urlTemplate\":\"https:\/\/cmc-carrier.com\/?s={search_term_string}\"},\"query-input\":\"required name=search_term_string\"}],\"inLanguage\":\"fr-FR\"}]}<\/script>\n<!-- \/ Yoast SEO plugin. -->","yoast_head_json":{"title":"Emplois et carri\u00e8res | CMC - Carrier","description":"Construisez votre chef-d\u2019\u0153uvre : une carri\u00e8re dont vous serez fier. D\u00e9couvrez les postes disponibles au cmc-carrier.com. Posez votre candidature d\u00e8s maintenant.","robots":{"index":"index","follow":"follow","max-snippet":"max-snippet:-1","max-image-preview":"max-image-preview:large","max-video-preview":"max-video-preview:-1"},"canonical":"https:\/\/cmc-carrier.com\/fr\/ressources\/careers\/","og_locale":"fr_FR","og_type":"article","og_title":"Emplois et carri\u00e8res | CMC - Carrier","og_description":"Construisez votre chef-d\u2019\u0153uvre : une carri\u00e8re dont vous serez fier. D\u00e9couvrez les postes disponibles au cmc-carrier.com. Posez votre candidature d\u00e8s maintenant.","og_url":"https:\/\/cmc-carrier.com\/fr\/ressources\/careers\/","og_site_name":"Carrier Mausoleums Construction","article_modified_time":"2023-08-22T19:18:00+00:00","og_image":[{"url":"https:\/\/cmc-carrier.com\/wp-content\/uploads\/2022\/08\/acq_cmc.jpg"}],"twitter_misc":{"Dur\u00e9e de lecture estim\u00e9e":"4 minutes"},"schema":{"@context":"https:\/\/schema.org","@graph":[{"@type":"WebPage","@id":"https:\/\/cmc-carrier.com\/fr\/ressources\/careers\/","url":"https:\/\/cmc-carrier.com\/fr\/ressources\/careers\/","name":"Emplois et carri\u00e8res | CMC - Carrier","isPartOf":{"@id":"https:\/\/cmc-carrier.com\/#website"},"primaryImageOfPage":{"@id":"https:\/\/cmc-carrier.com\/fr\/ressources\/careers\/#primaryimage"},"image":{"@id":"https:\/\/cmc-carrier.com\/fr\/ressources\/careers\/#primaryimage"},"thumbnailUrl":"https:\/\/cmc-carrier.com\/wp-content\/uploads\/2022\/08\/acq_cmc.jpg","datePublished":"2014-03-26T22:37:28+00:00","dateModified":"2023-08-22T19:18:00+00:00","description":"Construisez votre chef-d\u2019\u0153uvre : une carri\u00e8re dont vous serez fier. D\u00e9couvrez les postes disponibles au cmc-carrier.com. Posez votre candidature d\u00e8s maintenant.","breadcrumb":{"@id":"https:\/\/cmc-carrier.com\/fr\/ressources\/careers\/#breadcrumb"},"inLanguage":"fr-FR","potentialAction":[{"@type":"ReadAction","target":["https:\/\/cmc-carrier.com\/fr\/ressources\/careers\/"]}]},{"@type":"ImageObject","inLanguage":"fr-FR","@id":"https:\/\/cmc-carrier.com\/fr\/ressources\/careers\/#primaryimage","url":"https:\/\/cmc-carrier.com\/wp-content\/uploads\/2022\/08\/acq_cmc.jpg","contentUrl":"https:\/\/cmc-carrier.com\/wp-content\/uploads\/2022\/08\/acq_cmc.jpg","width":981,"height":333},{"@type":"BreadcrumbList","@id":"https:\/\/cmc-carrier.com\/fr\/ressources\/careers\/#breadcrumb","itemListElement":[{"@type":"ListItem","position":1,"name":"Home","item":"https:\/\/cmc-carrier.com\/fr\/"},{"@type":"ListItem","position":2,"name":"RESSOURCES","item":"https:\/\/cmc-carrier.com\/fr\/ressources\/"},{"@type":"ListItem","position":3,"name":"CARRI\u00c8RES"}]},{"@type":"WebSite","@id":"https:\/\/cmc-carrier.com\/#website","url":"https:\/\/cmc-carrier.com\/","name":"Carrier Mausoleums Construction","description":"","potentialAction":[{"@type":"SearchAction","target":{"@type":"EntryPoint","urlTemplate":"https:\/\/cmc-carrier.com\/?s={search_term_string}"},"query-input":"required name=search_term_string"}],"inLanguage":"fr-FR"}]}},"_links":{"self":[{"href":"https:\/\/cmc-carrier.com\/fr\/wp-json\/wp\/v2\/pages\/3174"}],"collection":[{"href":"https:\/\/cmc-carrier.com\/fr\/wp-json\/wp\/v2\/pages"}],"about":[{"href":"https:\/\/cmc-carrier.com\/fr\/wp-json\/wp\/v2\/types\/page"}],"author":[{"embeddable":true,"href":"https:\/\/cmc-carrier.com\/fr\/wp-json\/wp\/v2\/users\/1"}],"replies":[{"embeddable":true,"href":"https:\/\/cmc-carrier.com\/fr\/wp-json\/wp\/v2\/comments?post=3174"}],"version-history":[{"count":86,"href":"https:\/\/cmc-carrier.com\/fr\/wp-json\/wp\/v2\/pages\/3174\/revisions"}],"predecessor-version":[{"id":9486,"href":"https:\/\/cmc-carrier.com\/fr\/wp-json\/wp\/v2\/pages\/3174\/revisions\/9486"}],"up":[{"embeddable":true,"href":"https:\/\/cmc-carrier.com\/fr\/wp-json\/wp\/v2\/pages\/3152"}],"wp:attachment":[{"href":"https:\/\/cmc-carrier.com\/fr\/wp-json\/wp\/v2\/media?parent=3174"}],"curies":[{"name":"wp","href":"https:\/\/api.w.org\/{rel}","templated":true}]}}