{"id":3164,"date":"2014-03-26T22:23:35","date_gmt":"2014-03-26T22:23:35","guid":{"rendered":"https:\/\/cmc-carrier.com\/?page_id=3164"},"modified":"2014-04-29T21:10:24","modified_gmt":"2014-04-29T21:10:24","slug":"subcontractors","status":"publish","type":"page","link":"https:\/\/cmc-carrier.com\/fr\/ressources\/subcontractors\/","title":{"rendered":"SOUS-TRAITANTS"},"content":{"rendered":"<h2>LORSQUE NOUS RECRUTONS DES SOUS-TRAITANTS, NOUS LES TRAITONS COMME DES PARTENAIRES.<\/h2>\n<p>CMC ne se contente pas de retenir les meilleurs sous-traitants au pays pour ses projets de construction. Nous les traitons comme s\u2019ils \u00e9taient des n\u00f4tres.<\/p>\n<p>Nous travaillons constamment \u00e0 offrir \u00e0 nos partenaires sous-traitants de nouvelles avenues pour travailler avec CMC. Nous sollicitons d\u2019ailleurs r\u00e9guli\u00e8rement des sous-traitants et des fournisseurs locaux en veillant \u00e0 retenir les meilleurs talents dans chaque discipline que comporte le projet.<\/p>\n<div class=\"major-section\">\n<div class=\"wp-img-container\"><img loading=\"lazy\" decoding=\"async\" class=\"class= lazyload\" alt=\"sc1\" data-src=\"https:\/\/cmc-carrier.com\/wp-content\/uploads\/2013\/07\/sc1.jpg\" width=\"384\" height=\"471\" src=\"data:image\/gif;base64,R0lGODlhAQABAAAAACH5BAEKAAEALAAAAAABAAEAAAICTAEAOw==\" style=\"--smush-placeholder-width: 384px; --smush-placeholder-aspect-ratio: 384\/471;\" \/><noscript><img loading=\"lazy\" decoding=\"async\" class=\" class=\" alt=\"sc1\" src=\"https:\/\/cmc-carrier.com\/wp-content\/uploads\/2013\/07\/sc1.jpg\" width=\"384\" height=\"471\" \/><\/noscript><\/div>\n<div class=\"right2\">\n<h2>DES SOUMISSIONS GAGNANT-GAGNANT<\/h2>\n<p>CMC met tout en \u0153uvre pour \u00e9viter les surprises. L\u2019\u00e9tendue des travaux et le prix sont d\u00e9termin\u00e9s avec pr\u00e9cision, documentation pertinente \u00e0 l\u2019appui. Une fois s\u00e9lectionn\u00e9, chaque sous-traitant devient un membre essentiel de l\u2019\u00e9quipe du projet. Apr\u00e8s tout, nous savons que lorsque les estimateurs et les g\u00e9rants de projets entretiennent un dialogue ouvert avec leurs sous-traitants et les consid\u00e8rent comme des partenaires de confiance, le projet et le client en sortent gagnants.<\/p>\n<div id=\"semibold-footer\">Si vous aspirez \u00e0 vivre une exp\u00e9rience de collaboration avec un entrepreneur en construction, veillez \u00e0 inscrire CMC au sommet de votre liste.<\/div>\n<\/div>\n<\/div>\n","protected":false},"excerpt":{"rendered":"<p>LORSQUE NOUS RECRUTONS DES SOUS-TRAITANTS, NOUS LES TRAITONS COMME DES PARTENAIRES. CMC ne se contente pas de retenir les meilleurs sous-traitants au pays pour ses projets de construction. Nous les traitons comme s\u2019ils \u00e9taient des n\u00f4tres. Nous travaillons constamment \u00e0 offrir \u00e0 nos partenaires sous-traitants de nouvelles avenues pour travailler avec CMC. Nous sollicitons d\u2019ailleurs <a class=\"read-more\" href=\"https:\/\/cmc-carrier.com\/fr\/ressources\/subcontractors\/\">Read More<\/a><\/p>\n","protected":false},"author":1,"featured_media":0,"parent":3152,"menu_order":0,"comment_status":"closed","ping_status":"closed","template":"page-resources-subcontractors.php","meta":{"footnotes":""},"yoast_head":"<!-- This site is optimized with the Yoast SEO plugin v22.3 - https:\/\/yoast.com\/wordpress\/plugins\/seo\/ -->\n<title>Sous-traitants | CMC \u2013 Carrier<\/title>\n<meta name=\"description\" content=\"CMC ne se contente pas de choisir les meilleurs sous-traitants au pays pour ses projets de construction. Chez CMC, nous les traitons comme des partenaires. D\u00e9couvrez pourquoi.\" \/>\n<meta name=\"robots\" content=\"index, follow, max-snippet:-1, max-image-preview:large, max-video-preview:-1\" \/>\n<link rel=\"canonical\" href=\"https:\/\/cmc-carrier.com\/fr\/ressources\/subcontractors\/\" \/>\n<meta property=\"og:locale\" content=\"fr_FR\" \/>\n<meta property=\"og:type\" content=\"article\" \/>\n<meta property=\"og:title\" content=\"Sous-traitants | CMC \u2013 Carrier\" \/>\n<meta property=\"og:description\" content=\"CMC ne se contente pas de choisir les meilleurs sous-traitants au pays pour ses projets de construction. Chez CMC, nous les traitons comme des partenaires. D\u00e9couvrez pourquoi.\" \/>\n<meta property=\"og:url\" content=\"https:\/\/cmc-carrier.com\/fr\/ressources\/subcontractors\/\" \/>\n<meta property=\"og:site_name\" content=\"Carrier Mausoleums Construction\" \/>\n<meta property=\"article:modified_time\" content=\"2014-04-29T21:10:24+00:00\" \/>\n<meta property=\"og:image\" content=\"https:\/\/cmc-carrier.com\/wp-content\/uploads\/2013\/07\/sc1.jpg\" \/>\n<meta name=\"twitter:label1\" content=\"Dur\u00e9e de lecture estim\u00e9e\" \/>\n\t<meta name=\"twitter:data1\" content=\"1 minute\" \/>\n<script type=\"application\/ld+json\" class=\"yoast-schema-graph\">{\"@context\":\"https:\/\/schema.org\",\"@graph\":[{\"@type\":\"WebPage\",\"@id\":\"https:\/\/cmc-carrier.com\/fr\/ressources\/subcontractors\/\",\"url\":\"https:\/\/cmc-carrier.com\/fr\/ressources\/subcontractors\/\",\"name\":\"Sous-traitants | CMC \u2013 Carrier\",\"isPartOf\":{\"@id\":\"https:\/\/cmc-carrier.com\/#website\"},\"primaryImageOfPage\":{\"@id\":\"https:\/\/cmc-carrier.com\/fr\/ressources\/subcontractors\/#primaryimage\"},\"image\":{\"@id\":\"https:\/\/cmc-carrier.com\/fr\/ressources\/subcontractors\/#primaryimage\"},\"thumbnailUrl\":\"https:\/\/cmc-carrier.com\/wp-content\/uploads\/2013\/07\/sc1.jpg\",\"datePublished\":\"2014-03-26T22:23:35+00:00\",\"dateModified\":\"2014-04-29T21:10:24+00:00\",\"description\":\"CMC ne se contente pas de choisir les meilleurs sous-traitants au pays pour ses projets de construction. Chez CMC, nous les traitons comme des partenaires. D\u00e9couvrez pourquoi.\",\"breadcrumb\":{\"@id\":\"https:\/\/cmc-carrier.com\/fr\/ressources\/subcontractors\/#breadcrumb\"},\"inLanguage\":\"fr-FR\",\"potentialAction\":[{\"@type\":\"ReadAction\",\"target\":[\"https:\/\/cmc-carrier.com\/fr\/ressources\/subcontractors\/\"]}]},{\"@type\":\"ImageObject\",\"inLanguage\":\"fr-FR\",\"@id\":\"https:\/\/cmc-carrier.com\/fr\/ressources\/subcontractors\/#primaryimage\",\"url\":\"https:\/\/cmc-carrier.com\/wp-content\/uploads\/2013\/07\/sc1.jpg\",\"contentUrl\":\"https:\/\/cmc-carrier.com\/wp-content\/uploads\/2013\/07\/sc1.jpg\",\"width\":384,\"height\":471},{\"@type\":\"BreadcrumbList\",\"@id\":\"https:\/\/cmc-carrier.com\/fr\/ressources\/subcontractors\/#breadcrumb\",\"itemListElement\":[{\"@type\":\"ListItem\",\"position\":1,\"name\":\"Home\",\"item\":\"https:\/\/cmc-carrier.com\/fr\/\"},{\"@type\":\"ListItem\",\"position\":2,\"name\":\"RESSOURCES\",\"item\":\"https:\/\/cmc-carrier.com\/fr\/ressources\/\"},{\"@type\":\"ListItem\",\"position\":3,\"name\":\"SOUS-TRAITANTS\"}]},{\"@type\":\"WebSite\",\"@id\":\"https:\/\/cmc-carrier.com\/#website\",\"url\":\"https:\/\/cmc-carrier.com\/\",\"name\":\"Carrier Mausoleums Construction\",\"description\":\"\",\"potentialAction\":[{\"@type\":\"SearchAction\",\"target\":{\"@type\":\"EntryPoint\",\"urlTemplate\":\"https:\/\/cmc-carrier.com\/?s={search_term_string}\"},\"query-input\":\"required name=search_term_string\"}],\"inLanguage\":\"fr-FR\"}]}<\/script>\n<!-- \/ Yoast SEO plugin. -->","yoast_head_json":{"title":"Sous-traitants | CMC \u2013 Carrier","description":"CMC ne se contente pas de choisir les meilleurs sous-traitants au pays pour ses projets de construction. Chez CMC, nous les traitons comme des partenaires. D\u00e9couvrez pourquoi.","robots":{"index":"index","follow":"follow","max-snippet":"max-snippet:-1","max-image-preview":"max-image-preview:large","max-video-preview":"max-video-preview:-1"},"canonical":"https:\/\/cmc-carrier.com\/fr\/ressources\/subcontractors\/","og_locale":"fr_FR","og_type":"article","og_title":"Sous-traitants | CMC \u2013 Carrier","og_description":"CMC ne se contente pas de choisir les meilleurs sous-traitants au pays pour ses projets de construction. Chez CMC, nous les traitons comme des partenaires. D\u00e9couvrez pourquoi.","og_url":"https:\/\/cmc-carrier.com\/fr\/ressources\/subcontractors\/","og_site_name":"Carrier Mausoleums Construction","article_modified_time":"2014-04-29T21:10:24+00:00","og_image":[{"url":"https:\/\/cmc-carrier.com\/wp-content\/uploads\/2013\/07\/sc1.jpg"}],"twitter_misc":{"Dur\u00e9e de lecture estim\u00e9e":"1 minute"},"schema":{"@context":"https:\/\/schema.org","@graph":[{"@type":"WebPage","@id":"https:\/\/cmc-carrier.com\/fr\/ressources\/subcontractors\/","url":"https:\/\/cmc-carrier.com\/fr\/ressources\/subcontractors\/","name":"Sous-traitants | CMC \u2013 Carrier","isPartOf":{"@id":"https:\/\/cmc-carrier.com\/#website"},"primaryImageOfPage":{"@id":"https:\/\/cmc-carrier.com\/fr\/ressources\/subcontractors\/#primaryimage"},"image":{"@id":"https:\/\/cmc-carrier.com\/fr\/ressources\/subcontractors\/#primaryimage"},"thumbnailUrl":"https:\/\/cmc-carrier.com\/wp-content\/uploads\/2013\/07\/sc1.jpg","datePublished":"2014-03-26T22:23:35+00:00","dateModified":"2014-04-29T21:10:24+00:00","description":"CMC ne se contente pas de choisir les meilleurs sous-traitants au pays pour ses projets de construction. Chez CMC, nous les traitons comme des partenaires. D\u00e9couvrez pourquoi.","breadcrumb":{"@id":"https:\/\/cmc-carrier.com\/fr\/ressources\/subcontractors\/#breadcrumb"},"inLanguage":"fr-FR","potentialAction":[{"@type":"ReadAction","target":["https:\/\/cmc-carrier.com\/fr\/ressources\/subcontractors\/"]}]},{"@type":"ImageObject","inLanguage":"fr-FR","@id":"https:\/\/cmc-carrier.com\/fr\/ressources\/subcontractors\/#primaryimage","url":"https:\/\/cmc-carrier.com\/wp-content\/uploads\/2013\/07\/sc1.jpg","contentUrl":"https:\/\/cmc-carrier.com\/wp-content\/uploads\/2013\/07\/sc1.jpg","width":384,"height":471},{"@type":"BreadcrumbList","@id":"https:\/\/cmc-carrier.com\/fr\/ressources\/subcontractors\/#breadcrumb","itemListElement":[{"@type":"ListItem","position":1,"name":"Home","item":"https:\/\/cmc-carrier.com\/fr\/"},{"@type":"ListItem","position":2,"name":"RESSOURCES","item":"https:\/\/cmc-carrier.com\/fr\/ressources\/"},{"@type":"ListItem","position":3,"name":"SOUS-TRAITANTS"}]},{"@type":"WebSite","@id":"https:\/\/cmc-carrier.com\/#website","url":"https:\/\/cmc-carrier.com\/","name":"Carrier Mausoleums Construction","description":"","potentialAction":[{"@type":"SearchAction","target":{"@type":"EntryPoint","urlTemplate":"https:\/\/cmc-carrier.com\/?s={search_term_string}"},"query-input":"required name=search_term_string"}],"inLanguage":"fr-FR"}]}},"_links":{"self":[{"href":"https:\/\/cmc-carrier.com\/fr\/wp-json\/wp\/v2\/pages\/3164"}],"collection":[{"href":"https:\/\/cmc-carrier.com\/fr\/wp-json\/wp\/v2\/pages"}],"about":[{"href":"https:\/\/cmc-carrier.com\/fr\/wp-json\/wp\/v2\/types\/page"}],"author":[{"embeddable":true,"href":"https:\/\/cmc-carrier.com\/fr\/wp-json\/wp\/v2\/users\/1"}],"replies":[{"embeddable":true,"href":"https:\/\/cmc-carrier.com\/fr\/wp-json\/wp\/v2\/comments?post=3164"}],"version-history":[{"count":9,"href":"https:\/\/cmc-carrier.com\/fr\/wp-json\/wp\/v2\/pages\/3164\/revisions"}],"predecessor-version":[{"id":3657,"href":"https:\/\/cmc-carrier.com\/fr\/wp-json\/wp\/v2\/pages\/3164\/revisions\/3657"}],"up":[{"embeddable":true,"href":"https:\/\/cmc-carrier.com\/fr\/wp-json\/wp\/v2\/pages\/3152"}],"wp:attachment":[{"href":"https:\/\/cmc-carrier.com\/fr\/wp-json\/wp\/v2\/media?parent=3164"}],"curies":[{"name":"wp","href":"https:\/\/api.w.org\/{rel}","templated":true}]}}